{"id":5329,"date":"2026-03-06T13:23:43","date_gmt":"2026-03-06T13:23:43","guid":{"rendered":"https:\/\/www.brikaelektrik.al\/?post_type=product&#038;p=5329"},"modified":"2026-03-06T13:35:53","modified_gmt":"2026-03-06T13:35:53","slug":"kuti-gipsi-pt5-160x130x75mm-50-pcs-pack","status":"publish","type":"product","link":"https:\/\/www.brikaelektrik.al\/al\/produkt\/kuti-gipsi-pt5-160x130x75mm-50-pcs-pack\/","title":{"rendered":"KUTI GIPSI PT5  160X130X75MM (50 PCS\/PACK)"},"content":{"rendered":"<p><strong data-start=\"314\" data-end=\"329\">Seria<\/strong>: FIMME<br \/>\n<strong>Lloji:<\/strong> Kuti derivacioni modulare p\u00ebr montim n\u00eb karton-gips (incasso)<br \/>\n<strong>Materiali:<\/strong> Plastik\u00eb termorezistente (polipropilen)<br \/>\n<strong>Ngjyra:<\/strong> Blu<br \/>\n<strong>Ngjyra e kapakut:<\/strong> E bardh\u00eb (RAL 9016)<br \/>\n<strong>P\u00ebrmasa:<\/strong> 160 \u00d7 130 \u00d7 75 mm<br \/>\n<strong>Nr. module:<\/strong> 5 (pes\u00eb)<br \/>\n<strong>Temperatura e instalimit:<\/strong> -15\u00b0C deri +60\u00b0C<br \/>\n<strong>Test glow-wire:<\/strong> 850\u00b0C<br \/>\n<strong>Mbrojtje:<\/strong> IP40<br \/>\n<strong>Standardi:<\/strong> CE, RoHS, IEC 60670<\/p>","protected":false},"excerpt":{"rendered":"<p>Seria: FIMME Lloji: Kuti derivacioni modulare p\u00ebr montim n\u00eb karton-gips (incasso) Materiali: Plastik\u00eb termorezistente (polipropilen) Ngjyra: Blu Ngjyra e kapakut: E bardh\u00eb (RAL 9016) P\u00ebrmasa: 160 \u00d7 130 \u00d7 75 mm Nr. module: 5 (pes\u00eb) Temperatura e instalimit: -15\u00b0C deri +60\u00b0C Test glow-wire: 850\u00b0C Mbrojtje: IP40 Standardi: CE, RoHS, IEC 60670<\/p>","protected":false},"featured_media":5332,"comment_status":"open","ping_status":"closed","template":"","meta":{"_acf_changed":false},"product_brand":[],"product_cat":[125,56],"product_tag":[],"class_list":{"0":"post-5329","1":"product","2":"type-product","3":"status-publish","4":"has-post-thumbnail","6":"product_cat-kuti-shperndarese-muri","7":"product_cat-kuti-derivacioni","9":"first","10":"instock","11":"shipping-taxable","12":"product-type-simple"},"acf":[],"_links":{"self":[{"href":"https:\/\/www.brikaelektrik.al\/al\/wp-json\/wp\/v2\/product\/5329","targetHints":{"allow":["GET"]}}],"collection":[{"href":"https:\/\/www.brikaelektrik.al\/al\/wp-json\/wp\/v2\/product"}],"about":[{"href":"https:\/\/www.brikaelektrik.al\/al\/wp-json\/wp\/v2\/types\/product"}],"replies":[{"embeddable":true,"href":"https:\/\/www.brikaelektrik.al\/al\/wp-json\/wp\/v2\/comments?post=5329"}],"wp:featuredmedia":[{"embeddable":true,"href":"https:\/\/www.brikaelektrik.al\/al\/wp-json\/wp\/v2\/media\/5332"}],"wp:attachment":[{"href":"https:\/\/www.brikaelektrik.al\/al\/wp-json\/wp\/v2\/media?parent=5329"}],"wp:term":[{"taxonomy":"product_brand","embeddable":true,"href":"https:\/\/www.brikaelektrik.al\/al\/wp-json\/wp\/v2\/product_brand?post=5329"},{"taxonomy":"product_cat","embeddable":true,"href":"https:\/\/www.brikaelektrik.al\/al\/wp-json\/wp\/v2\/product_cat?post=5329"},{"taxonomy":"product_tag","embeddable":true,"href":"https:\/\/www.brikaelektrik.al\/al\/wp-json\/wp\/v2\/product_tag?post=5329"}],"curies":[{"name":"wp","href":"https:\/\/api.w.org\/{rel}","templated":true}]}}