{"id":5335,"date":"2026-03-06T13:34:10","date_gmt":"2026-03-06T13:34:10","guid":{"rendered":"https:\/\/www.brikaelektrik.al\/?post_type=product&#038;p=5335"},"modified":"2026-03-06T13:34:10","modified_gmt":"2026-03-06T13:34:10","slug":"kuti-gipsi-pt8-392x152x75mm-19-pcs-pack","status":"publish","type":"product","link":"https:\/\/www.brikaelektrik.al\/al\/produkt\/kuti-gipsi-pt8-392x152x75mm-19-pcs-pack\/","title":{"rendered":"KUTI GIPSI PT8  392X152X75MM (19 PCS\/PACK)"},"content":{"rendered":"<p><strong data-start=\"314\" data-end=\"329\">Seria<\/strong>: FIMME<br data-start=\"79\" data-end=\"82\" \/><strong>Lloji:<\/strong> Kuti derivacioni modulare p\u00ebr montim n\u00eb karton-gips (incasso)<br data-start=\"150\" data-end=\"153\" \/><strong>Materiali:<\/strong> Plastik\u00eb termorezistente (polipropilen)<br data-start=\"203\" data-end=\"206\" \/><strong>Ngjyra:<\/strong> Blu<br data-start=\"217\" data-end=\"220\" \/><strong>Ngjyra e kapakut:<\/strong> E bardh\u00eb (RAL 9016)<br data-start=\"257\" data-end=\"260\" \/><strong>P\u00ebrmasa:<\/strong> 392 \u00d7 152 \u00d7 75 mm<br data-start=\"286\" data-end=\"289\" \/><strong>Nr. module:<\/strong> 8 (tet\u00eb)<br data-start=\"302\" data-end=\"305\" \/><strong>Temperatura e instalimit:<\/strong> -15\u00b0C deri +60\u00b0C<br data-start=\"347\" data-end=\"350\" \/><strong>Test glow-wire:<\/strong> 850\u00b0C<br data-start=\"371\" data-end=\"374\" \/><strong>Mbrojtje:<\/strong> IP40<br data-start=\"388\" data-end=\"391\" \/><strong>Standardi:<\/strong> CE, RoHS, IEC 60670<\/p>","protected":false},"excerpt":{"rendered":"<p>Seria: FIMMELloji: Kuti derivacioni modulare p\u00ebr montim n\u00eb karton-gips (incasso)Materiali: Plastik\u00eb termorezistente (polipropilen)Ngjyra: BluNgjyra e kapakut: E bardh\u00eb (RAL 9016)P\u00ebrmasa: 392 \u00d7 152 \u00d7 75 mmNr. module: 8 (tet\u00eb)Temperatura e instalimit: -15\u00b0C deri +60\u00b0CTest glow-wire: 850\u00b0CMbrojtje: IP40Standardi: CE, RoHS, IEC 60670<\/p>","protected":false},"featured_media":5336,"comment_status":"open","ping_status":"closed","template":"","meta":{"_acf_changed":false},"product_brand":[],"product_cat":[125,56],"product_tag":[],"class_list":{"0":"post-5335","1":"product","2":"type-product","3":"status-publish","4":"has-post-thumbnail","6":"product_cat-kuti-shperndarese-muri","7":"product_cat-kuti-derivacioni","9":"first","10":"instock","11":"shipping-taxable","12":"product-type-simple"},"acf":[],"_links":{"self":[{"href":"https:\/\/www.brikaelektrik.al\/al\/wp-json\/wp\/v2\/product\/5335","targetHints":{"allow":["GET"]}}],"collection":[{"href":"https:\/\/www.brikaelektrik.al\/al\/wp-json\/wp\/v2\/product"}],"about":[{"href":"https:\/\/www.brikaelektrik.al\/al\/wp-json\/wp\/v2\/types\/product"}],"replies":[{"embeddable":true,"href":"https:\/\/www.brikaelektrik.al\/al\/wp-json\/wp\/v2\/comments?post=5335"}],"wp:featuredmedia":[{"embeddable":true,"href":"https:\/\/www.brikaelektrik.al\/al\/wp-json\/wp\/v2\/media\/5336"}],"wp:attachment":[{"href":"https:\/\/www.brikaelektrik.al\/al\/wp-json\/wp\/v2\/media?parent=5335"}],"wp:term":[{"taxonomy":"product_brand","embeddable":true,"href":"https:\/\/www.brikaelektrik.al\/al\/wp-json\/wp\/v2\/product_brand?post=5335"},{"taxonomy":"product_cat","embeddable":true,"href":"https:\/\/www.brikaelektrik.al\/al\/wp-json\/wp\/v2\/product_cat?post=5335"},{"taxonomy":"product_tag","embeddable":true,"href":"https:\/\/www.brikaelektrik.al\/al\/wp-json\/wp\/v2\/product_tag?post=5335"}],"curies":[{"name":"wp","href":"https:\/\/api.w.org\/{rel}","templated":true}]}}