{"id":5383,"date":"2026-04-03T07:43:41","date_gmt":"2026-04-03T07:43:41","guid":{"rendered":"https:\/\/www.brikaelektrik.al\/?post_type=product&#038;p=5383"},"modified":"2026-04-03T07:43:41","modified_gmt":"2026-04-03T07:43:41","slug":"kuti-hermetike-c9-ip55-380x300x120-geros17260-4-pcs-pack","status":"publish","type":"product","link":"https:\/\/www.brikaelektrik.al\/al\/produkt\/kuti-hermetike-c9-ip55-380x300x120-geros17260-4-pcs-pack\/","title":{"rendered":"KUTI HERMETIKE C9 IP55 380X300X120 (GEROS17260) (4 PCS\/PACK)"},"content":{"rendered":"<p><strong>Seria:<\/strong> FIMME<br data-start=\"97\" data-end=\"100\" \/><strong>Lloji:<\/strong> Kuti derivacioni hermetike (montim jasht\u00ebm)<br data-start=\"166\" data-end=\"169\" \/><strong>Materiali:<\/strong> Plastik\u00eb termorezistente (polipropilen)<br data-start=\"219\" data-end=\"222\" \/><strong>Ngjyra:<\/strong> Gri\u00a0<br data-start=\"257\" data-end=\"260\" \/><strong>P\u00ebrmasa:<\/strong> 380 \u00d7 300 \u00d7 120 mm<br data-start=\"296\" data-end=\"299\" \/><strong>Temperatura e instalimit:<\/strong> -25\u00b0C deri +70\u00b0C<br data-start=\"341\" data-end=\"344\" \/><strong>Test glow-wire:<\/strong> 650\u00b0C<br data-start=\"365\" data-end=\"368\" \/><strong>Mbrojtje:<\/strong> IP55<br data-start=\"382\" data-end=\"385\" \/><strong>Standardi:<\/strong> CE, RoHS, IEC 60670<\/p>","protected":false},"excerpt":{"rendered":"<p>Seria: FIMMELloji: Kuti derivacioni hermetike (montim jasht\u00ebm)Materiali: Plastik\u00eb termorezistente (polipropilen)Ngjyra: Gri\u00a0P\u00ebrmasa: 380 \u00d7 300 \u00d7 120 mmTemperatura e instalimit: -25\u00b0C deri +70\u00b0CTest glow-wire: 650\u00b0CMbrojtje: IP55Standardi: CE, RoHS, IEC 60670<\/p>","protected":false},"featured_media":5382,"comment_status":"open","ping_status":"closed","template":"","meta":{"_acf_changed":false},"product_brand":[],"product_cat":[121,56],"product_tag":[],"class_list":{"0":"post-5383","1":"product","2":"type-product","3":"status-publish","4":"has-post-thumbnail","6":"product_cat-kuti-derivacioni-mbi-mur","7":"product_cat-kuti-derivacioni","9":"first","10":"instock","11":"shipping-taxable","12":"product-type-simple"},"acf":[],"_links":{"self":[{"href":"https:\/\/www.brikaelektrik.al\/al\/wp-json\/wp\/v2\/product\/5383","targetHints":{"allow":["GET"]}}],"collection":[{"href":"https:\/\/www.brikaelektrik.al\/al\/wp-json\/wp\/v2\/product"}],"about":[{"href":"https:\/\/www.brikaelektrik.al\/al\/wp-json\/wp\/v2\/types\/product"}],"replies":[{"embeddable":true,"href":"https:\/\/www.brikaelektrik.al\/al\/wp-json\/wp\/v2\/comments?post=5383"}],"wp:featuredmedia":[{"embeddable":true,"href":"https:\/\/www.brikaelektrik.al\/al\/wp-json\/wp\/v2\/media\/5382"}],"wp:attachment":[{"href":"https:\/\/www.brikaelektrik.al\/al\/wp-json\/wp\/v2\/media?parent=5383"}],"wp:term":[{"taxonomy":"product_brand","embeddable":true,"href":"https:\/\/www.brikaelektrik.al\/al\/wp-json\/wp\/v2\/product_brand?post=5383"},{"taxonomy":"product_cat","embeddable":true,"href":"https:\/\/www.brikaelektrik.al\/al\/wp-json\/wp\/v2\/product_cat?post=5383"},{"taxonomy":"product_tag","embeddable":true,"href":"https:\/\/www.brikaelektrik.al\/al\/wp-json\/wp\/v2\/product_tag?post=5383"}],"curies":[{"name":"wp","href":"https:\/\/api.w.org\/{rel}","templated":true}]}}