{"id":5423,"date":"2026-04-08T14:13:07","date_gmt":"2026-04-08T14:13:07","guid":{"rendered":"https:\/\/www.brikaelektrik.al\/?post_type=product&#038;p=5423"},"modified":"2026-04-08T14:13:07","modified_gmt":"2026-04-08T14:13:07","slug":"kapikorde-25-8-alumin-me-qafe-te-gjate","status":"publish","type":"product","link":"https:\/\/www.brikaelektrik.al\/al\/produkt\/kapikorde-25-8-alumin-me-qafe-te-gjate\/","title":{"rendered":"KAPIKORDE 25\/8 ALUMIN ME QAF\u00cb T\u00cb GJAT\u00cb"},"content":{"rendered":"<p><strong>Lloji: <\/strong>Kapikord\u00eb Alumini<strong><br \/>\nPershkrimi: <\/strong>Kapikord\u00eb alumini p\u00ebr presim, me qaf\u00eb t\u00eb gjat\u00eb, p\u00ebr lidhje kabllosh n\u00eb instalime elektrike.<\/p>\n<p data-start=\"230\" data-end=\"256\"><strong data-start=\"230\" data-end=\"254\">Specifikat kryesore:<\/strong><\/p>\n<ul data-start=\"257\" data-end=\"430\">\n<li data-section-id=\"1txxfmy\" data-start=\"257\" data-end=\"277\">Seksioni: 25 mm\u00b2<\/li>\n<li data-section-id=\"1ey0un3\" data-start=\"278\" data-end=\"292\">Diamet\u00ebr i br\u00ebndsh\u00ebm: M8<\/li>\n<li data-section-id=\"d7l1sv\" data-start=\"293\" data-end=\"312\">Gjat\u00ebsia: 55 mm<\/li>\n<li data-section-id=\"1g0vie\" data-start=\"313\" data-end=\"341\">Materiali: Alumin (E-Al)<\/li>\n<li data-section-id=\"el7b4o\" data-start=\"342\" data-end=\"363\">Tipi: Compression<\/li>\n<li data-section-id=\"nvxets\" data-start=\"364\" data-end=\"387\">Standard: DIN 46329<\/li>\n<li data-section-id=\"1zcm6k\" data-start=\"388\" data-end=\"430\">Presime: 5 (mekanike) \/ 2 (hidraulike)<\/li>\n<\/ul>","protected":false},"excerpt":{"rendered":"<p>Lloji: Kapikord\u00eb Alumini Pershkrimi: Kapikord\u00eb alumini p\u00ebr presim, me qaf\u00eb t\u00eb gjat\u00eb, p\u00ebr lidhje kabllosh n\u00eb instalime elektrike. Specifikat kryesore: Seksioni: 25 mm\u00b2 Diamet\u00ebr i br\u00ebndsh\u00ebm: M8 Gjat\u00ebsia: 55 mm Materiali: Alumin (E-Al) Tipi: Compression Standard: DIN 46329 Presime: 5 (mekanike) \/ 2 (hidraulike)<\/p>","protected":false},"featured_media":5424,"comment_status":"open","ping_status":"closed","template":"","meta":{"_acf_changed":false},"product_brand":[],"product_cat":[141,59],"product_tag":[],"class_list":{"0":"post-5423","1":"product","2":"type-product","3":"status-publish","4":"has-post-thumbnail","6":"product_cat-kapikorda-cu-ac","7":"product_cat-morseteri-dhe-kapikorda-terminale","9":"first","10":"instock","11":"shipping-taxable","12":"product-type-simple"},"acf":[],"_links":{"self":[{"href":"https:\/\/www.brikaelektrik.al\/al\/wp-json\/wp\/v2\/product\/5423","targetHints":{"allow":["GET"]}}],"collection":[{"href":"https:\/\/www.brikaelektrik.al\/al\/wp-json\/wp\/v2\/product"}],"about":[{"href":"https:\/\/www.brikaelektrik.al\/al\/wp-json\/wp\/v2\/types\/product"}],"replies":[{"embeddable":true,"href":"https:\/\/www.brikaelektrik.al\/al\/wp-json\/wp\/v2\/comments?post=5423"}],"wp:featuredmedia":[{"embeddable":true,"href":"https:\/\/www.brikaelektrik.al\/al\/wp-json\/wp\/v2\/media\/5424"}],"wp:attachment":[{"href":"https:\/\/www.brikaelektrik.al\/al\/wp-json\/wp\/v2\/media?parent=5423"}],"wp:term":[{"taxonomy":"product_brand","embeddable":true,"href":"https:\/\/www.brikaelektrik.al\/al\/wp-json\/wp\/v2\/product_brand?post=5423"},{"taxonomy":"product_cat","embeddable":true,"href":"https:\/\/www.brikaelektrik.al\/al\/wp-json\/wp\/v2\/product_cat?post=5423"},{"taxonomy":"product_tag","embeddable":true,"href":"https:\/\/www.brikaelektrik.al\/al\/wp-json\/wp\/v2\/product_tag?post=5423"}],"curies":[{"name":"wp","href":"https:\/\/api.w.org\/{rel}","templated":true}]}}