{"id":5437,"date":"2026-04-14T10:43:17","date_gmt":"2026-04-14T10:43:17","guid":{"rendered":"https:\/\/www.brikaelektrik.al\/?post_type=product&#038;p=5437"},"modified":"2026-04-14T10:43:17","modified_gmt":"2026-04-14T10:43:17","slug":"kapikorde-baker-185-16-10pcs-pack","status":"publish","type":"product","link":"https:\/\/www.brikaelektrik.al\/al\/produkt\/kapikorde-baker-185-16-10pcs-pack\/","title":{"rendered":"KAPIKORD\u00cb BAK\u00cbR 185\/16 (10PCS\/PACK)"},"content":{"rendered":"<p><strong>Lloji: <\/strong>Kapikord\u00eb Bak\u00ebr<strong><br \/>\nPershkrimi: <\/strong>Kapikord\u00eb bakri e kallajuar p\u00ebr p\u00ebrfundimin e kabllove me seksion shum\u00eb t\u00eb madh, e p\u00ebrshtatshme p\u00ebr aplikime industriale dhe energjetike.<\/p>\n<p data-start=\"230\" data-end=\"256\"><strong data-start=\"230\" data-end=\"254\">Specifikat kryesore:<\/strong><\/p>\n<ul data-start=\"257\" data-end=\"430\">\n<li data-section-id=\"1yr8stq\" data-start=\"327\" data-end=\"351\">Seksioni: 185 mm\u00b2<\/li>\n<li data-section-id=\"1govq3g\" data-start=\"352\" data-end=\"391\">Diamet\u00ebr i brendsh\u00ebm: 16 mm (M16)<\/li>\n<li data-section-id=\"kpr6x6\" data-start=\"392\" data-end=\"443\">Gjat\u00ebsia: ~90\u2013105 mm<\/li>\n<li data-section-id=\"sykoxe\" data-start=\"444\" data-end=\"506\">Materiali: Bak\u00ebr elektrolitik i kallajuar<\/li>\n<li data-section-id=\"1nn4vdk\" data-start=\"507\" data-end=\"540\">Tipi: Copper ring lug<\/li>\n<li data-section-id=\"1nn4vdk\" data-start=\"507\" data-end=\"540\">Instalimi: Compression (crimping)<\/li>\n<li data-section-id=\"160v9j0\" data-start=\"541\" data-end=\"574\">Standard: DIN 46235 \/ IEC<\/li>\n<li data-section-id=\"12d4z2t\" data-start=\"575\" data-end=\"643\">Presime: 3\u20134 presime (mekanike ose hidraulike)<\/li>\n<\/ul>","protected":false},"excerpt":{"rendered":"<p>Lloji: Kapikord\u00eb Bak\u00ebr Pershkrimi: Kapikord\u00eb bakri e kallajuar p\u00ebr p\u00ebrfundimin e kabllove me seksion shum\u00eb t\u00eb madh, e p\u00ebrshtatshme p\u00ebr aplikime industriale dhe energjetike. Specifikat kryesore: Seksioni: 185 mm\u00b2 Diamet\u00ebr i brendsh\u00ebm: 16 mm (M16) Gjat\u00ebsia: ~90\u2013105 mm Materiali: Bak\u00ebr elektrolitik i kallajuar Tipi: Copper ring lug Instalimi: Compression (crimping) Standard: DIN 46235 \/ IEC [&hellip;]<\/p>","protected":false},"featured_media":5433,"comment_status":"open","ping_status":"closed","template":"","meta":{"_acf_changed":false},"product_brand":[],"product_cat":[141,59],"product_tag":[],"class_list":{"0":"post-5437","1":"product","2":"type-product","3":"status-publish","4":"has-post-thumbnail","6":"product_cat-kapikorda-cu-ac","7":"product_cat-morseteri-dhe-kapikorda-terminale","9":"first","10":"instock","11":"shipping-taxable","12":"product-type-simple"},"acf":[],"_links":{"self":[{"href":"https:\/\/www.brikaelektrik.al\/al\/wp-json\/wp\/v2\/product\/5437","targetHints":{"allow":["GET"]}}],"collection":[{"href":"https:\/\/www.brikaelektrik.al\/al\/wp-json\/wp\/v2\/product"}],"about":[{"href":"https:\/\/www.brikaelektrik.al\/al\/wp-json\/wp\/v2\/types\/product"}],"replies":[{"embeddable":true,"href":"https:\/\/www.brikaelektrik.al\/al\/wp-json\/wp\/v2\/comments?post=5437"}],"wp:featuredmedia":[{"embeddable":true,"href":"https:\/\/www.brikaelektrik.al\/al\/wp-json\/wp\/v2\/media\/5433"}],"wp:attachment":[{"href":"https:\/\/www.brikaelektrik.al\/al\/wp-json\/wp\/v2\/media?parent=5437"}],"wp:term":[{"taxonomy":"product_brand","embeddable":true,"href":"https:\/\/www.brikaelektrik.al\/al\/wp-json\/wp\/v2\/product_brand?post=5437"},{"taxonomy":"product_cat","embeddable":true,"href":"https:\/\/www.brikaelektrik.al\/al\/wp-json\/wp\/v2\/product_cat?post=5437"},{"taxonomy":"product_tag","embeddable":true,"href":"https:\/\/www.brikaelektrik.al\/al\/wp-json\/wp\/v2\/product_tag?post=5437"}],"curies":[{"name":"wp","href":"https:\/\/api.w.org\/{rel}","templated":true}]}}