{"id":5450,"date":"2026-04-24T09:03:16","date_gmt":"2026-04-24T09:03:16","guid":{"rendered":"https:\/\/www.brikaelektrik.al\/?post_type=product&#038;p=5450"},"modified":"2026-04-24T09:11:36","modified_gmt":"2026-04-24T09:11:36","slug":"kapikorde-baker-10-12-100pcs-pack","status":"publish","type":"product","link":"https:\/\/www.brikaelektrik.al\/al\/produkt\/kapikorde-baker-10-12-100pcs-pack\/","title":{"rendered":"KAPIKORD\u00cb BAK\u00cbR 10\/12 (100PCS\/PACK)"},"content":{"rendered":"<p><strong>Lloji: <\/strong>Kapikord\u00eb Bak\u00ebr<strong><br \/>\nPershkrimi:<\/strong>\u00a0Kapikord\u00eb bakri e kallajuar p\u00ebr p\u00ebrfundimin e kabllove me seksion t\u00eb vog\u00ebl, e p\u00ebrshtatshme p\u00ebr lidhje t\u00eb sigurta n\u00eb instalime elektrike, panele dhe sisteme shp\u00ebrndar\u00ebse.<\/p>\n<p data-start=\"230\" data-end=\"256\"><strong data-start=\"230\" data-end=\"254\">Specifikat kryesore:<\/strong><\/p>\n<ul data-start=\"257\" data-end=\"430\">\n<li data-section-id=\"1yr8stq\" data-start=\"327\" data-end=\"351\">Seksioni: 10 mm\u00b2<\/li>\n<li data-section-id=\"1govq3g\" data-start=\"352\" data-end=\"391\">Diamet\u00ebr i brendsh\u00ebm: 12 mm (M12)<\/li>\n<li data-section-id=\"kpr6x6\" data-start=\"392\" data-end=\"443\">Gjat\u00ebsia: ~25\u201335<\/li>\n<li data-section-id=\"sykoxe\" data-start=\"444\" data-end=\"506\">Materiali: Bak\u00ebr elektrolitik i kallajuar<\/li>\n<li data-section-id=\"1nn4vdk\" data-start=\"507\" data-end=\"540\">Tipi: Copper ring lug<\/li>\n<li data-section-id=\"1nn4vdk\" data-start=\"507\" data-end=\"540\">Instalimi: Compression (crimping)<\/li>\n<li data-section-id=\"160v9j0\" data-start=\"541\" data-end=\"574\">Standard: DIN 46235 \/ IEC<\/li>\n<li data-section-id=\"12d4z2t\" data-start=\"575\" data-end=\"643\">Presime: 1\u20132 presime (mekanike ose hidraulike)<\/li>\n<\/ul>","protected":false},"excerpt":{"rendered":"<p>Lloji: Kapikord\u00eb Bak\u00ebr Pershkrimi:\u00a0Kapikord\u00eb bakri e kallajuar p\u00ebr p\u00ebrfundimin e kabllove me seksion t\u00eb vog\u00ebl, e p\u00ebrshtatshme p\u00ebr lidhje t\u00eb sigurta n\u00eb instalime elektrike, panele dhe sisteme shp\u00ebrndar\u00ebse. Specifikat kryesore: Seksioni: 10 mm\u00b2 Diamet\u00ebr i brendsh\u00ebm: 12 mm (M12) Gjat\u00ebsia: ~25\u201335 Materiali: Bak\u00ebr elektrolitik i kallajuar Tipi: Copper ring lug Instalimi: Compression (crimping) Standard: DIN [&hellip;]<\/p>","protected":false},"featured_media":5441,"comment_status":"open","ping_status":"closed","template":"","meta":{"_acf_changed":false},"product_brand":[],"product_cat":[141,59],"product_tag":[],"class_list":{"0":"post-5450","1":"product","2":"type-product","3":"status-publish","4":"has-post-thumbnail","6":"product_cat-kapikorda-cu-ac","7":"product_cat-morseteri-dhe-kapikorda-terminale","9":"first","10":"instock","11":"shipping-taxable","12":"product-type-simple"},"acf":[],"_links":{"self":[{"href":"https:\/\/www.brikaelektrik.al\/al\/wp-json\/wp\/v2\/product\/5450","targetHints":{"allow":["GET"]}}],"collection":[{"href":"https:\/\/www.brikaelektrik.al\/al\/wp-json\/wp\/v2\/product"}],"about":[{"href":"https:\/\/www.brikaelektrik.al\/al\/wp-json\/wp\/v2\/types\/product"}],"replies":[{"embeddable":true,"href":"https:\/\/www.brikaelektrik.al\/al\/wp-json\/wp\/v2\/comments?post=5450"}],"wp:featuredmedia":[{"embeddable":true,"href":"https:\/\/www.brikaelektrik.al\/al\/wp-json\/wp\/v2\/media\/5441"}],"wp:attachment":[{"href":"https:\/\/www.brikaelektrik.al\/al\/wp-json\/wp\/v2\/media?parent=5450"}],"wp:term":[{"taxonomy":"product_brand","embeddable":true,"href":"https:\/\/www.brikaelektrik.al\/al\/wp-json\/wp\/v2\/product_brand?post=5450"},{"taxonomy":"product_cat","embeddable":true,"href":"https:\/\/www.brikaelektrik.al\/al\/wp-json\/wp\/v2\/product_cat?post=5450"},{"taxonomy":"product_tag","embeddable":true,"href":"https:\/\/www.brikaelektrik.al\/al\/wp-json\/wp\/v2\/product_tag?post=5450"}],"curies":[{"name":"wp","href":"https:\/\/api.w.org\/{rel}","templated":true}]}}